{"id":561,"date":"2018-02-15T14:59:51","date_gmt":"2018-02-16T13:10:17","guid":{"rendered":"http:\/\/www.kruscompany.com\/polityka-prywatnosci\/"},"modified":"2018-07-02T15:28:44","modified_gmt":"2018-07-02T13:28:44","slug":"datenschutzrichtlinie","status":"publish","type":"page","link":"https:\/\/kruscompany.com\/de\/datenschutzrichtlinie\/","title":{"rendered":"Datenschutzrichtlinie"},"content":{"rendered":"<p><strong>Przez u\u017cywanie strony wyra\u017casz zgod\u0119 na u\u017cywanie ciasteczek zgodnie z\u00a0Polityk\u0105 Ciasteczek. Je\u017celi nie zgadzasz si\u0119 na u\u017cywanie ciasteczek, powiniene\u015b zmieni\u0107 ustawienia swojej przegl\u0105darki w\u00a0odpowiedni spos\u00f3b lub zrezygnowa\u0107 z\u00a0u\u017cywania strony.<\/strong><\/p>\n<h2>Co to s\u0105 ciasteczka?<\/h2>\n<p>Ciasteczka (ang. cookies) to niewielkie pliki, zapisywane i\u00a0przechowywane na twoim komputerze, tablecie lub smartphonie podczas gdy odwiedzasz r\u00f3\u017cne strony w\u00a0internecie. Ciasteczko zazwyczaj zawiera nazw\u0119 strony internetowej, z\u00a0kt\u00f3rej pochodzi, \u201ed\u0142ugo\u015b\u0107 \u017cycia\u201d ciasteczka (to znaczy czas jego istnienia), oraz przypadkowo wygenerowany unikalny numer s\u0142u\u017c\u0105cy do identyfikacji przegl\u0105darki, z\u00a0jakiej nast\u0119puje po\u0142\u0105czenie ze stron\u0105 internetow\u0105.<\/p>\n<h2>Do czego s\u0105 u\u017cywane ciasteczka?<\/h2>\n<ul class=\"list_in_post\">\n<li>Pomagaj\u0105 by strona dzia\u0142a\u0142a szybciej i\u00a0by\u0142a \u0142atwiejsza w\u00a0u\u017cyciu,<\/li>\n<li>Pomagaj\u0105 lepiej dopasowa\u0107 tre\u015bci i\u00a0reklamy do Twoich oczekiwa\u0144 i\u00a0zainteresowa\u0144,<\/li>\n<li>S\u0142u\u017c\u0105 do zbierania anonimowych statystyk, kt\u00f3re pozwalaj\u0105 zrozumie\u0107 jak u\u017cywana jest strona i\u00a0pomagaj\u0105 w\u00a0poprawianiu ich funkcjonalno\u015bci i\u00a0zawarto\u015bci.<\/li>\n<\/ul>\n<h2>Rodzaje plik\u00f3w Cookies wykorzystywane na stronie.<\/h2>\n<table class=\"cookies\">\n<tbody>\n<tr>\n<td>RODZAJ PLIKU COOKIE<\/td>\n<td>NAZWAPLIKU COOKIE<\/td>\n<td>CEL WYKORZYSTYWANIA PLIKU COOKIE<\/td>\n<td>CZY USUNI\u0118CIE PLIKU UNIEMO\u017bLIWI KORZYSTANIE Z WITRYNY?<\/td>\n<\/tr>\n<tr>\n<td>sesyjne<\/td>\n<td>qtrans_cookie_test, WP-cookie-info, icl_current_language (WordPress)<\/td>\n<td>Przechowywanie identyfikatora sesji u\u017cytkownika i\u00a0aktualnej wersji j\u0119zykowej.<\/td>\n<td>Nie<\/td>\n<\/tr>\n<tr>\n<td>podmiot\u00f3w zewn\u0119trznych<\/td>\n<td>PREF, testcookie, khcookie, NID, SNID, _utma, _utmb, _utmc, _utmz<\/td>\n<td>Google Maps, Google Analytics, Reklamy Google \u2013 Zbieranie anonimowych statystyk. Wi\u0119cej na: <a href=\"http:\/\/www.google.pl\/intl\/pl\/policies\/technologies\/types\/\" target=\"_blank\" rel=\"noopener\">http:\/\/www.google.pl\/intl\/pl\/policies\/technologies\/types\/<\/a>.<\/td>\n<td>Nie<\/td>\n<\/tr>\n<\/tbody>\n<\/table>\n<h2>Konfigurowanie i\u00a0usuwanie plik\u00f3w \u201ecookies\u201d<\/h2>\n<p>Przegl\u0105darka internetowa domy\u015blnie dopuszcza umieszczanie plik\u00f3w \u201ecookies\u201d na urz\u0105dzeniu ko\u0144cowym. Ustawienia te mog\u0105 zosta\u0107 zmienione w\u00a0taki spos\u00f3b, aby blokowa\u0107 automatyczn\u0105 obs\u0142ug\u0119 plik\u00f3w \u201ecookies\u201d w\u00a0ustawieniach przegl\u0105darki internetowej lub informowa\u0107 o\u00a0ich ka\u017cdorazowym przes\u0142aniu na urz\u0105dzenie u\u017cytkownika. Szczeg\u00f3\u0142owe informacje o\u00a0mo\u017cliwo\u015bci i\u00a0sposobach obs\u0142ugi plik\u00f3w \u201ecookies\u201d dost\u0119pne s\u0105 w\u00a0ustawieniach oprogramowania (przegl\u0105darki internetowej).<\/p>\n","protected":false},"excerpt":{"rendered":"<p>Przez u\u017cywanie strony wyra\u017casz zgod\u0119 na u\u017cywanie ciasteczek zgodnie z\u00a0Polityk\u0105 Ciasteczek. Je\u017celi nie zgadzasz si\u0119 na u\u017cywanie ciasteczek, powiniene\u015b zmieni\u0107 ustawienia swojej przegl\u0105darki w\u00a0odpowiedni spos\u00f3b lub zrezygnowa\u0107 z\u00a0u\u017cywania strony. Co to s\u0105 ciasteczka? Ciasteczka (ang. cookies) to niewielkie pliki, zapisywane i\u00a0przechowywane na twoim komputerze, tablecie lub smartphonie podczas gdy odwiedzasz r\u00f3\u017cne strony w\u00a0internecie. Ciasteczko zazwyczaj&#8230;<\/p>\n","protected":false},"author":1,"featured_media":0,"parent":0,"menu_order":16,"comment_status":"closed","ping_status":"closed","template":"","meta":{"inline_featured_image":false},"acf":[],"_links":{"self":[{"href":"https:\/\/kruscompany.com\/de\/wp-json\/wp\/v2\/pages\/561"}],"collection":[{"href":"https:\/\/kruscompany.com\/de\/wp-json\/wp\/v2\/pages"}],"about":[{"href":"https:\/\/kruscompany.com\/de\/wp-json\/wp\/v2\/types\/page"}],"author":[{"embeddable":true,"href":"https:\/\/kruscompany.com\/de\/wp-json\/wp\/v2\/users\/1"}],"replies":[{"embeddable":true,"href":"https:\/\/kruscompany.com\/de\/wp-json\/wp\/v2\/comments?post=561"}],"version-history":[{"count":1,"href":"https:\/\/kruscompany.com\/de\/wp-json\/wp\/v2\/pages\/561\/revisions"}],"predecessor-version":[{"id":562,"href":"https:\/\/kruscompany.com\/de\/wp-json\/wp\/v2\/pages\/561\/revisions\/562"}],"wp:attachment":[{"href":"https:\/\/kruscompany.com\/de\/wp-json\/wp\/v2\/media?parent=561"}],"curies":[{"name":"wp","href":"https:\/\/api.w.org\/{rel}","templated":true}]}}