{"id":2951,"date":"2023-02-22T19:08:05","date_gmt":"2023-02-22T18:08:05","guid":{"rendered":"https:\/\/kruscompany.com\/?page_id=2951"},"modified":"2023-03-30T12:43:35","modified_gmt":"2023-03-30T10:43:35","slug":"snacks-suessigkeiten-und-nuesse","status":"publish","type":"page","link":"https:\/\/kruscompany.com\/de\/snacks-suessigkeiten-und-nuesse\/","title":{"rendered":"Snacks, S\u00fc\u00dfigkeiten, und N\u00fcsse"},"content":{"rendered":"","protected":false},"excerpt":{"rendered":"","protected":false},"author":7,"featured_media":0,"parent":0,"menu_order":5,"comment_status":"closed","ping_status":"closed","template":"page-custom-v1.php","meta":{"inline_featured_image":false},"acf":[],"_links":{"self":[{"href":"https:\/\/kruscompany.com\/de\/wp-json\/wp\/v2\/pages\/2951"}],"collection":[{"href":"https:\/\/kruscompany.com\/de\/wp-json\/wp\/v2\/pages"}],"about":[{"href":"https:\/\/kruscompany.com\/de\/wp-json\/wp\/v2\/types\/page"}],"author":[{"embeddable":true,"href":"https:\/\/kruscompany.com\/de\/wp-json\/wp\/v2\/users\/7"}],"replies":[{"embeddable":true,"href":"https:\/\/kruscompany.com\/de\/wp-json\/wp\/v2\/comments?post=2951"}],"version-history":[{"count":4,"href":"https:\/\/kruscompany.com\/de\/wp-json\/wp\/v2\/pages\/2951\/revisions"}],"predecessor-version":[{"id":3122,"href":"https:\/\/kruscompany.com\/de\/wp-json\/wp\/v2\/pages\/2951\/revisions\/3122"}],"wp:attachment":[{"href":"https:\/\/kruscompany.com\/de\/wp-json\/wp\/v2\/media?parent=2951"}],"curies":[{"name":"wp","href":"https:\/\/api.w.org\/{rel}","templated":true}]}}